{"id":8831,"date":"2024-11-19T15:07:59","date_gmt":"2024-11-19T15:07:59","guid":{"rendered":"https:\/\/fashion.armond.com\/prodotto\/handgefertigter-schuhe-sn-01-silber\/"},"modified":"2025-12-31T09:47:30","modified_gmt":"2025-12-31T09:47:30","slug":"handgefertigter-schuhe-sn-01-silber","status":"publish","type":"product","link":"https:\/\/fashion.armond.com\/de\/prodotto\/handgefertigter-schuhe-sn-01-silber\/","title":{"rendered":"Handgefertigter Schuhe SN 01 Silber"},"content":{"rendered":"<p>Lasciati conquistare dalle sneakers SN 01 Argento, l\u2019emblema di un\u2019eleganza minimal contemporanea.<br \/>\nRealizzate a mano in Italia con pelle di vitello ultra morbida, queste calzature artigianali combinano comfort e raffinatezza, pensate per accompagnarti con stile in ogni momento della giornata. Il design pulito e senza tempo, adatto a ogni genere, le rende perfette sia per il tempo libero che per contesti pi\u00f9 formali. L\u2019opzione ideale per chi desidera sneakers eleganti da donna o un modello classico da uomo, con un\u2019anima autentica e di qualit\u00e0.  <\/p>\n<ul>\n<li><strong>Ultraweiches Kalbsleder<\/strong>: Umh\u00fcllt den Fu\u00df sanft und garantiert Atmungsaktivit\u00e4t und nat\u00fcrlichen Komfort.<\/li>\n<li><strong data-start=\"863\" data-end=\"888\">Minimalistische Unisex-Linie<\/strong>: essenziell, vielseitig, f\u00fcr jeden Stil und jeden Anlass geeignet.<\/li>\n<li><strong>Leichte Sohle mit Eins\u00e4tzen aus recyceltem Kunststoff<\/strong>: Komfort, Flexibilit\u00e4t und ein nachhaltigeres Laufgef\u00fchl.<\/li>\n<li>Leder-Innensohle mit Komfort: Wohlbefinden vom ersten bis zum letzten Schritt des Tages garantiert.<\/li>\n<li><strong>100 % Made in Italy<\/strong>: Die Garantie eines handgefertigten Schuhs, der mit Leidenschaft in der Gemeinde Montebelluna hergestellt wird.<\/li>\n<li><strong>Umweltfreundliche Verpackung<\/strong>: Bei jedem Kauf sind eine wiederverwendbare Holzbox und ein Rucksack aus recycelten Materialien inbegriffen.<\/li>\n<\/ul>\n","protected":false},"excerpt":{"rendered":"<p>Lasciati conquistare dalle sneakers SN 01 Argento, l\u2019emblema di un\u2019eleganza minimal contemporanea. Realizzate a mano in Italia con pelle di vitello ultra morbida, queste calzature artigianali combinano comfort e raffinatezza, pensate per accompagnarti con stile in ogni momento della giornata. Il design pulito e senza tempo, adatto a ogni genere, le rende perfette sia per [&hellip;]<\/p>\n","protected":false},"featured_media":8842,"template":"","meta":{"_acf_changed":false},"product_cat":[209],"product_tag":[211,221,223,214,217],"class_list":{"0":"post-8831","1":"product","2":"type-product","3":"status-publish","4":"has-post-thumbnail","6":"product_cat-sneakers","7":"product_tag-damen","8":"product_tag-herren-2","9":"product_tag-schuhe-2","10":"product_tag-sn01-t","11":"product_tag-sneakers","13":"first","14":"instock","15":"taxable","16":"shipping-taxable","17":"purchasable","18":"product-type-variable","swatches":"rey-swatches","show_selected":"rey-swatches--show-selected--name","stretch_labels":"rey-swatches--stretch-labels"},"acf":[],"_links":{"self":[{"href":"https:\/\/fashion.armond.com\/de\/wp-json\/wp\/v2\/product\/8831","targetHints":{"allow":["GET"]}}],"collection":[{"href":"https:\/\/fashion.armond.com\/de\/wp-json\/wp\/v2\/product"}],"about":[{"href":"https:\/\/fashion.armond.com\/de\/wp-json\/wp\/v2\/types\/product"}],"version-history":[{"count":1,"href":"https:\/\/fashion.armond.com\/de\/wp-json\/wp\/v2\/product\/8831\/revisions"}],"predecessor-version":[{"id":9411,"href":"https:\/\/fashion.armond.com\/de\/wp-json\/wp\/v2\/product\/8831\/revisions\/9411"}],"wp:featuredmedia":[{"embeddable":true,"href":"https:\/\/fashion.armond.com\/de\/wp-json\/wp\/v2\/media\/8842"}],"wp:attachment":[{"href":"https:\/\/fashion.armond.com\/de\/wp-json\/wp\/v2\/media?parent=8831"}],"wp:term":[{"taxonomy":"product_cat","embeddable":true,"href":"https:\/\/fashion.armond.com\/de\/wp-json\/wp\/v2\/product_cat?post=8831"},{"taxonomy":"product_tag","embeddable":true,"href":"https:\/\/fashion.armond.com\/de\/wp-json\/wp\/v2\/product_tag?post=8831"}],"curies":[{"name":"wp","href":"https:\/\/api.w.org\/{rel}","templated":true}]}}