{"id":8800,"date":"2024-11-19T15:20:37","date_gmt":"2024-11-19T15:20:37","guid":{"rendered":"https:\/\/fashion.armond.com\/prodotto\/handgefertigte-sneakers-sn-01-bordeaux\/"},"modified":"2025-12-31T09:47:29","modified_gmt":"2025-12-31T09:47:29","slug":"handgefertigte-sneakers-sn-01-bordeaux","status":"publish","type":"product","link":"https:\/\/fashion.armond.com\/de\/prodotto\/handgefertigte-sneakers-sn-01-bordeaux\/","title":{"rendered":"Handgefertigte Sneakers SN 01 Bordeaux"},"content":{"rendered":"<p>Entdecken Sie den Sneaker SN 01, die Essenz des begehrtesten minimalistischen Stils. Dieser aus weichem Kalbsleder <strong>handgefertigte, italienische Sneaker<\/strong> ist so ausgelegt, dass er Ihnen ganzt\u00e4gigen Komfort bietet, ohne auf Eleganz zu verzichten. Ein schlichtes Unisex-Design, das jedes Outfit perfekt aufwertet, in der Freizeit und im B\u00fcro. Die ideale Wahl f\u00fcr alle, die einen <strong>eleganten Sneaker f\u00fcr Damen<\/strong> oder <strong>klassischen Sneaker f\u00fcr Herren<\/strong> suchen, der f\u00fcr Qualit\u00e4t steht.   <\/p>\n<ul>\n<li><strong>Obermaterial aus ausgesprochen weichem Kalbsleder<\/strong>: f\u00fcr eine bequeme und atmungsaktive Passform, die sich Ihrem Fu\u00df anpasst.<\/li>\n<li><strong>Essentielles Unisex-Design<\/strong>: eine vielseitige Stilikone, perfekt f\u00fcr Sie und Ihn<\/li>\n<li><strong>Leichte Sohle mit Eins\u00e4tzen aus recyceltem Kunststoff<\/strong>: Komfort, Flexibilit\u00e4t und ein nachhaltigeres Laufgef\u00fchl.<\/li>\n<li><strong>Leder-Innensohle mit Komfort<\/strong>: Wohlbefinden vom ersten bis zum letzten Schritt des Tages garantiert.<\/li>\n<li><strong>100 % Made in Italy<\/strong>: Die Garantie eines handgefertigten Schuhs, der mit Leidenschaft in der Gemeinde Montebelluna hergestellt wird.<\/li>\n<li><strong>Umweltfreundliche Verpackung<\/strong>: Bei jedem Kauf sind eine wiederverwendbare Holzbox und ein Rucksack aus recycelten Materialien inbegriffen.<\/li>\n<\/ul>\n","protected":false},"excerpt":{"rendered":"<p>Entdecken Sie den Sneaker SN 01, die Essenz des begehrtesten minimalistischen Stils. Dieser aus weichem Kalbsleder handgefertigte, italienische Sneaker ist so ausgelegt, dass er Ihnen ganzt\u00e4gigen Komfort bietet, ohne auf Eleganz zu verzichten. Ein schlichtes Unisex-Design, das jedes Outfit perfekt aufwertet, in der Freizeit und im B\u00fcro. Die ideale Wahl f\u00fcr alle, die einen eleganten [&hellip;]<\/p>\n","protected":false},"featured_media":8805,"template":"","meta":{"_acf_changed":false},"product_cat":[209],"product_tag":[211,221,223,214,217],"class_list":{"0":"post-8800","1":"product","2":"type-product","3":"status-publish","4":"has-post-thumbnail","6":"product_cat-sneakers","7":"product_tag-damen","8":"product_tag-herren-2","9":"product_tag-schuhe-2","10":"product_tag-sn01-t","11":"product_tag-sneakers","13":"first","14":"instock","15":"featured","16":"taxable","17":"shipping-taxable","18":"purchasable","19":"product-type-variable","swatches":"rey-swatches","show_selected":"rey-swatches--show-selected--name","stretch_labels":"rey-swatches--stretch-labels"},"acf":[],"_links":{"self":[{"href":"https:\/\/fashion.armond.com\/de\/wp-json\/wp\/v2\/product\/8800","targetHints":{"allow":["GET"]}}],"collection":[{"href":"https:\/\/fashion.armond.com\/de\/wp-json\/wp\/v2\/product"}],"about":[{"href":"https:\/\/fashion.armond.com\/de\/wp-json\/wp\/v2\/types\/product"}],"version-history":[{"count":1,"href":"https:\/\/fashion.armond.com\/de\/wp-json\/wp\/v2\/product\/8800\/revisions"}],"predecessor-version":[{"id":9410,"href":"https:\/\/fashion.armond.com\/de\/wp-json\/wp\/v2\/product\/8800\/revisions\/9410"}],"wp:featuredmedia":[{"embeddable":true,"href":"https:\/\/fashion.armond.com\/de\/wp-json\/wp\/v2\/media\/8805"}],"wp:attachment":[{"href":"https:\/\/fashion.armond.com\/de\/wp-json\/wp\/v2\/media?parent=8800"}],"wp:term":[{"taxonomy":"product_cat","embeddable":true,"href":"https:\/\/fashion.armond.com\/de\/wp-json\/wp\/v2\/product_cat?post=8800"},{"taxonomy":"product_tag","embeddable":true,"href":"https:\/\/fashion.armond.com\/de\/wp-json\/wp\/v2\/product_tag?post=8800"}],"curies":[{"name":"wp","href":"https:\/\/api.w.org\/{rel}","templated":true}]}}