{"id":8746,"date":"2022-07-19T10:20:07","date_gmt":"2022-07-19T10:20:07","guid":{"rendered":"https:\/\/fashion.armond.com\/prodotto\/scarponcini-in-pelle-sm-01-marrone-bordeaux\/"},"modified":"2026-01-02T09:28:48","modified_gmt":"2026-01-02T09:28:48","slug":"scarponcini-in-pelle-sm-01-marrone-bordeaux","status":"publish","type":"product","link":"https:\/\/fashion.armond.com\/de\/prodotto\/scarponcini-in-pelle-sm-01-marrone-bordeaux\/","title":{"rendered":"Scarponcini in pelle SM 01 Marrone Bordeaux"},"content":{"rendered":"<p>Von den Alpengipfeln ins Stadtzentrum. Der Stiefel SM 01 ist unsere Ikone, der reinste Ausdruck unserer DNA. Diese <strong>handgefertigten Lederstiefel<\/strong> werden mit der ber\u00fchmten \u201eIdeal\u201d-Konstruktion und hochwertigem Naturleder im Vintage-Look hergestellt und sind so konzipiert, dass sie ein Leben lang halten und mit jedem Schritt sch\u00f6ner werden. Ein Unisex-Schuh f\u00fcr alle, die nicht der Mode folgen, sondern einen zeitlosen Stil bevorzugen. Es ist kein Schuh, es ist ein einzigartiges Tragegef\u00fchl.    <\/p>\n<ul>\n<li><strong>Obermaterial aus Naturleder mit Vintage-Effekt<\/strong>: f\u00fcr einen Schuh, der mit Ihnen lebt und mit der Zeit einen einzigartigen Charakter und Sch\u00f6nheit erlangt.<\/li>\n<li><strong>Alte handwerkliche \u201eIdeal\u201c-Verarbeitung<\/strong>: gew\u00e4hrleistet maximale Haltbarkeit und die M\u00f6glichkeit, den Schuh neu zu besohlen, f\u00fcr einen Schuh, der jedem Einsatz standh\u00e4lt.<\/li>\n<li><strong>Innensohle aus Naturleder<\/strong>: sorgt f\u00fcr hervorragende Atmungsaktivit\u00e4t und Komfort und passt sich perfekt an die Form Ihres Fu\u00dfes an.<\/li>\n<li><strong>Bunte Ledereins\u00e4tze<\/strong>: ein Hauch von Charakter und zeitgen\u00f6ssischem Stil, der nicht unbemerkt bleibt.<\/li>\n<li><strong>Wasserabweisendes Innenfutter<\/strong>: h\u00e4lt den Fu\u00df unter allen Bedingungen trocken und gesch\u00fctzt<\/li>\n<li><strong>Echte Made in Italy-Herstellung<\/strong>: die authentische Exzellenz und Leidenschaft handgefertigter Schuhe aus Montebelluna.<\/li>\n<li><strong>Umweltfreundliche Verpackung<\/strong>: Eine wiederverwendbare Holzbox und ein Rucksack aus recycelten Materialien sind inbegriffen.<\/li>\n<\/ul>\n","protected":false},"excerpt":{"rendered":"<p>F\u00fcr Damen und Herren * 4 Jahreszeiten Kalbsleder mit nat\u00fcrlicher Narbung<\/p>\n","protected":false},"featured_media":8754,"template":"","meta":{"_acf_changed":false},"product_cat":[210],"product_tag":[213],"class_list":{"0":"post-8746","1":"product","2":"type-product","3":"status-publish","4":"has-post-thumbnail","6":"product_cat-lederstiefel","7":"product_tag-sm01-t","9":"first","10":"instock","11":"taxable","12":"shipping-taxable","13":"purchasable","14":"product-type-variable","swatches":"rey-swatches","show_selected":"rey-swatches--show-selected--name","stretch_labels":"rey-swatches--stretch-labels"},"acf":[],"_links":{"self":[{"href":"https:\/\/fashion.armond.com\/de\/wp-json\/wp\/v2\/product\/8746","targetHints":{"allow":["GET"]}}],"collection":[{"href":"https:\/\/fashion.armond.com\/de\/wp-json\/wp\/v2\/product"}],"about":[{"href":"https:\/\/fashion.armond.com\/de\/wp-json\/wp\/v2\/types\/product"}],"version-history":[{"count":1,"href":"https:\/\/fashion.armond.com\/de\/wp-json\/wp\/v2\/product\/8746\/revisions"}],"predecessor-version":[{"id":9430,"href":"https:\/\/fashion.armond.com\/de\/wp-json\/wp\/v2\/product\/8746\/revisions\/9430"}],"wp:featuredmedia":[{"embeddable":true,"href":"https:\/\/fashion.armond.com\/de\/wp-json\/wp\/v2\/media\/8754"}],"wp:attachment":[{"href":"https:\/\/fashion.armond.com\/de\/wp-json\/wp\/v2\/media?parent=8746"}],"wp:term":[{"taxonomy":"product_cat","embeddable":true,"href":"https:\/\/fashion.armond.com\/de\/wp-json\/wp\/v2\/product_cat?post=8746"},{"taxonomy":"product_tag","embeddable":true,"href":"https:\/\/fashion.armond.com\/de\/wp-json\/wp\/v2\/product_tag?post=8746"}],"curies":[{"name":"wp","href":"https:\/\/api.w.org\/{rel}","templated":true}]}}