{"id":9296,"date":"2023-05-08T12:58:36","date_gmt":"2023-05-08T12:58:36","guid":{"rendered":"https:\/\/fashion.armond.com\/versand-und-rucksendungen\/"},"modified":"2025-12-27T09:27:14","modified_gmt":"2025-12-27T09:27:14","slug":"versand-und-rucksendungen","status":"publish","type":"page","link":"https:\/\/fashion.armond.com\/de\/versand-und-rucksendungen\/","title":{"rendered":"Versand und R\u00fccksendungen"},"content":{"rendered":"\t\t<div data-elementor-type=\"wp-page\" data-elementor-id=\"9296\" class=\"elementor elementor-9296 elementor-1860\" data-elementor-post-type=\"page\">\n\t\t\t\t<div class=\"e-con-top elementor-element elementor-element-53ded23 e-flex e-con-boxed e-con e-parent\" data-id=\"53ded23\" data-element_type=\"container\">\n\t\t\t\t\t<div class=\"e-con-inner\">\n\t\t\t\t<div class=\"elementor-element elementor-element-2a59aab elementor-widget elementor-widget-heading\" data-id=\"2a59aab\" data-element_type=\"widget\" data-widget_type=\"heading.default\">\n\t\t\t\t<div class=\"elementor-widget-container\">\n\t\t\t\t\t<h1 class=\"elementor-heading-title elementor-size-default\">Versand: kostenlos innerhalb Italiens<\/h1>\t\t\t\t<\/div>\n\t\t\t\t<\/div>\n\t\t\t\t<div class=\"elementor-element elementor-element-c17ff8f elementor-widget elementor-widget-text-editor\" data-id=\"c17ff8f\" data-element_type=\"widget\" data-widget_type=\"text-editor.default\">\n\t\t\t\t<div class=\"elementor-widget-container\">\n\t\t\t\t\t\t\t\t\t<p>Die Bestellungen werden von unserer Logistikabteilung innerhalb von 1-2 Werktagen nach Eingang in unserem System bearbeitet. Die Lieferung in Italien erfolgt in der Regel innerhalb von 2-4 Werktagen, nachdem die Bestellung an den Kurierdienst \u00fcbergeben wurde. Die Lieferungen werden vom beauftragten Kurierdienst von Montag bis Freitag zwischen 9.00 Uhr (MEZ) und 15.00 Uhr (MEZ) durchgef\u00fchrt.  <\/p><p>Bitte beachten Sie, dass an Wochenenden und nationalen Feiertagen keine Sendungen und Lieferungen erfolgen.<\/p>\t\t\t\t\t\t\t\t<\/div>\n\t\t\t\t<\/div>\n\t\t\t\t<div class=\"elementor-element elementor-element-799736a elementor-widget elementor-widget-heading\" data-id=\"799736a\" data-element_type=\"widget\" data-widget_type=\"heading.default\">\n\t\t\t\t<div class=\"elementor-widget-container\">\n\t\t\t\t\t<h2 class=\"elementor-heading-title elementor-size-default\">R\u00fccksendeanfrage<\/h2>\t\t\t\t<\/div>\n\t\t\t\t<\/div>\n\t\t\t\t\t<\/div>\n\t\t\t\t<\/div>\n\t\t<div class=\"e-con-top elementor-element elementor-element-25ae3870 e-flex e-con-boxed e-con e-parent\" data-id=\"25ae3870\" data-element_type=\"container\">\n\t\t\t\t\t<div class=\"e-con-inner\">\n\t\t<div class=\"elementor-element elementor-element-fd547f7 e-con-full e-flex e-con e-child\" data-id=\"fd547f7\" data-element_type=\"container\">\n\t\t\t\t<div class=\"elementor-element elementor-element-7cdcb97 elementor-widget elementor-widget-text-editor\" data-id=\"7cdcb97\" data-element_type=\"widget\" data-widget_type=\"text-editor.default\">\n\t\t\t\t<div class=\"elementor-widget-container\">\n\t\t\t\t\t\t\t\t\t<p>Wir von Armond Fashion teilen mit Ihnen die Leidenschaft f\u00fcr handwerkliche Qualit\u00e4t und m\u00f6chten Ihnen ein Einkaufserlebnis garantieren, das unseren Schuhen gerecht wird.<\/p><p>Ihre Zufriedenheit ist der kr\u00f6nende Abschluss unserer sorgf\u00e4ltigen und engagierten Arbeit. Sie k\u00f6nnen Ihre Artikel innerhalb von<strong> 14 Tagen <\/strong>nach dem Kauf kostenlos umtauschen oder zur\u00fcckgeben, sofern sich die Schuhe in einwandfreiem Zustand befinden und die Originaletiketten unbesch\u00e4digt sind. <\/p><p>Da jedes unserer Produkte aus handwerklichem K\u00f6nnen und der Verwendung von hochwertigem Leder entsteht, bitten wir Sie, die Schuhe ausschlie\u00dflich auf Teppichen oder weichen Oberfl\u00e4chen anzuprobieren. Leider machen Gebrauchsspuren an den Schuhen oder der Originalverpackung eine R\u00fcckgabe oder einen Umtausch unm\u00f6glich. <\/p><p>Geben Sie die R\u00fccksendeanfrage f\u00fcr die zur\u00fcckzusendenden Produkte in das Formular auf dieser Seite ein. Sie erhalten innerhalb von 2-3 Werktagen eine Best\u00e4tigungs-E-Mail mit der Genehmigung unseres Kundendienstes und den Anweisungen f\u00fcr die R\u00fccksendung der Ware.<\/p><p>Wir weisen darauf hin, dass die R\u00fccksendung erst akzeptiert wird, nachdem unser Team den einwandfreien Zustand der Ware \u00fcberpr\u00fcft hat.<br>Weitere Details und Informationen finden Sie in unseren Verkaufsbedingungen.<\/p>\t\t\t\t\t\t\t\t<\/div>\n\t\t\t\t<\/div>\n\t\t\t\t<\/div>\n\t\t<div class=\"elementor-element elementor-element-2633fa4 e-con-full e-flex e-con e-child\" data-id=\"2633fa4\" data-element_type=\"container\">\n\t\t\t\t<div class=\"elementor-element elementor-element-64030fa elementor-button-align-stretch elementor-widget elementor-widget-form\" data-id=\"64030fa\" data-element_type=\"widget\" data-settings=\"{&quot;button_width&quot;:&quot;33&quot;,&quot;step_next_label&quot;:&quot;Successivo&quot;,&quot;step_previous_label&quot;:&quot;Zur\\u00fcck&quot;,&quot;step_type&quot;:&quot;number_text&quot;,&quot;step_icon_shape&quot;:&quot;circle&quot;}\" data-widget_type=\"form.default\">\n\t\t\t\t<div class=\"elementor-widget-container\">\n\t\t\t\t\t\t\t<form class=\"elementor-form\" method=\"post\" id=\"richiesta_reso\" name=\"R\u00fcckgabeanfrage\" aria-label=\"R\u00fcckgabeanfrage\" novalidate=\"\">\n\t\t\t<input type=\"hidden\" name=\"post_id\" value=\"9296\"\/>\n\t\t\t<input type=\"hidden\" name=\"form_id\" value=\"64030fa\"\/>\n\t\t\t<input type=\"hidden\" name=\"referer_title\" value=\"\" \/>\n\n\t\t\t\n\t\t\t<div class=\"elementor-form-fields-wrapper elementor-labels-above\">\n\t\t\t\t\t\t\t\t<div class=\"elementor-field-type-select elementor-field-group elementor-column elementor-field-group-reso elementor-col-50\">\n\t\t\t\t\t\t\t\t\t\t\t\t<label for=\"form-field-reso\" class=\"elementor-field-label\">\n\t\t\t\t\t\t\t\tGrund f\u00fcr die R\u00fccksendung\t\t\t\t\t\t\t<\/label>\n\t\t\t\t\t\t\t\t<div class=\"elementor-field elementor-select-wrapper remove-before \">\n\t\t\t<div class=\"select-caret-down-wrapper\">\n\t\t\t\t<svg aria-hidden=\"true\" class=\"e-font-icon-svg e-eicon-caret-down\" viewBox=\"0 0 571.4 571.4\" xmlns=\"http:\/\/www.w3.org\/2000\/svg\"><path d=\"M571 393Q571 407 561 418L311 668Q300 679 286 679T261 668L11 418Q0 407 0 393T11 368 36 357H536Q550 357 561 368T571 393Z\"><\/path><\/svg>\t\t\t<\/div>\n\t\t\t<select name=\"form_fields[reso]\" id=\"form-field-reso\" class=\"elementor-field-textual elementor-size-xs\">\n\t\t\t\t\t\t\t\t\t<option value=\"Das Produkt f\u00e4llt zu gro\u00df aus.\">Das Produkt f\u00e4llt zu gro\u00df aus.<\/option>\n\t\t\t\t\t\t\t\t\t<option value=\"Das Produkt f\u00e4llt zu klein aus.\">Das Produkt f\u00e4llt zu klein aus.<\/option>\n\t\t\t\t\t\t\t\t\t<option value=\"Das Produkt ist besch\u00e4digt oder defekt.\">Das Produkt ist besch\u00e4digt oder defekt.<\/option>\n\t\t\t\t\t\t\t\t\t<option value=\"Ich habe meine Meinung ge\u00e4ndert.\">Ich habe meine Meinung ge\u00e4ndert.<\/option>\n\t\t\t\t\t\t\t\t\t<option value=\"Das Produkt wurde sp\u00e4ter als erwartet geliefert.\">Das Produkt wurde sp\u00e4ter als erwartet geliefert.<\/option>\n\t\t\t\t\t\t\t\t\t<option value=\"Ich m\u00f6chte das Produkt umtauschen (Gr\u00f6\u00dfe, Farbe, Modell).\">Ich m\u00f6chte das Produkt umtauschen (Gr\u00f6\u00dfe, Farbe, Modell).<\/option>\n\t\t\t\t\t\t\t<\/select>\n\t\t<\/div>\n\t\t\t\t\t\t<\/div>\n\t\t\t\t\t\t\t\t<div class=\"elementor-field-type-text elementor-field-group elementor-column elementor-field-group-name elementor-col-100\">\n\t\t\t\t\t\t\t\t\t\t\t\t<label for=\"form-field-name\" class=\"elementor-field-label\">\n\t\t\t\t\t\t\t\tVorname Nachname\t\t\t\t\t\t\t<\/label>\n\t\t\t\t\t\t\t\t\t\t\t\t\t\t<input size=\"1\" type=\"text\" name=\"form_fields[name]\" id=\"form-field-name\" class=\"elementor-field elementor-size-xs  elementor-field-textual\">\n\t\t\t\t\t\t\t\t\t\t\t<\/div>\n\t\t\t\t\t\t\t\t<div class=\"elementor-field-type-text elementor-field-group elementor-column elementor-field-group-n_ordine elementor-col-30 elementor-field-required elementor-mark-required\">\n\t\t\t\t\t\t\t\t\t\t\t\t<label for=\"form-field-n_ordine\" class=\"elementor-field-label\">\n\t\t\t\t\t\t\t\tBestellnummer\t\t\t\t\t\t\t<\/label>\n\t\t\t\t\t\t\t\t\t\t\t\t\t\t<input size=\"1\" type=\"text\" name=\"form_fields[n_ordine]\" id=\"form-field-n_ordine\" class=\"elementor-field elementor-size-xs  elementor-field-textual\" required=\"required\">\n\t\t\t\t\t\t\t\t\t\t\t<\/div>\n\t\t\t\t\t\t\t\t<div class=\"elementor-field-type-email elementor-field-group elementor-column elementor-field-group-email elementor-col-70 elementor-field-required elementor-mark-required\">\n\t\t\t\t\t\t\t\t\t\t\t\t<label for=\"form-field-email\" class=\"elementor-field-label\">\n\t\t\t\t\t\t\t\tEmail\t\t\t\t\t\t\t<\/label>\n\t\t\t\t\t\t\t\t\t\t\t\t\t\t<input size=\"1\" type=\"email\" name=\"form_fields[email]\" id=\"form-field-email\" class=\"elementor-field elementor-size-xs  elementor-field-textual\" required=\"required\">\n\t\t\t\t\t\t\t\t\t\t\t<\/div>\n\t\t\t\t\t\t\t\t<div class=\"elementor-field-type-textarea elementor-field-group elementor-column elementor-field-group-richiesta elementor-col-100\">\n\t\t\t\t\t\t\t\t\t\t\t\t<label for=\"form-field-richiesta\" class=\"elementor-field-label\">\n\t\t\t\t\t\t\t\tRichiesta\t\t\t\t\t\t\t<\/label>\n\t\t\t\t\t\t<textarea class=\"elementor-field-textual elementor-field  elementor-size-xs\" name=\"form_fields[richiesta]\" id=\"form-field-richiesta\" rows=\"4\"><\/textarea>\t\t\t\t<\/div>\n\t\t\t\t\t\t\t\t<div class=\"elementor-field-group elementor-column elementor-field-type-submit elementor-col-33 e-form__buttons\">\n\t\t\t\t\t<button class=\"elementor-button elementor-size-sm\" type=\"submit\">\n\t\t\t\t\t\t<span class=\"elementor-button-content-wrapper\">\n\t\t\t\t\t\t\t\t\t\t\t\t\t\t\t\t\t\t\t\t\t\t<span class=\"elementor-button-text\">Senden<\/span>\n\t\t\t\t\t\t\t\t\t\t\t\t\t<\/span>\n\t\t\t\t\t<\/button>\n\t\t\t\t<\/div>\n\t\t\t<\/div>\n\t\t<\/form>\n\t\t\t\t\t\t<\/div>\n\t\t\t\t<\/div>\n\t\t\t\t<\/div>\n\t\t\t\t\t<\/div>\n\t\t\t\t<\/div>\n\t\t\t\t<\/div>\n\t\t","protected":false},"excerpt":{"rendered":"<p>Versand: kostenlos innerhalb Italiens Die Bestellungen werden von unserer Logistikabteilung innerhalb von 1-2 Werktagen nach Eingang in unserem System bearbeitet. Die Lieferung in Italien erfolgt in der Regel innerhalb von 2-4 Werktagen, nachdem die Bestellung an den Kurierdienst \u00fcbergeben wurde. Die Lieferungen werden vom beauftragten Kurierdienst von Montag bis Freitag zwischen 9.00 Uhr (MEZ) und [&hellip;]<\/p>\n","protected":false},"author":1,"featured_media":0,"parent":0,"menu_order":0,"comment_status":"closed","ping_status":"closed","template":"","meta":{"_acf_changed":false,"footnotes":""},"class_list":["post-9296","page","type-page","status-publish","hentry"],"acf":[],"_links":{"self":[{"href":"https:\/\/fashion.armond.com\/de\/wp-json\/wp\/v2\/pages\/9296","targetHints":{"allow":["GET"]}}],"collection":[{"href":"https:\/\/fashion.armond.com\/de\/wp-json\/wp\/v2\/pages"}],"about":[{"href":"https:\/\/fashion.armond.com\/de\/wp-json\/wp\/v2\/types\/page"}],"author":[{"embeddable":true,"href":"https:\/\/fashion.armond.com\/de\/wp-json\/wp\/v2\/users\/1"}],"replies":[{"embeddable":true,"href":"https:\/\/fashion.armond.com\/de\/wp-json\/wp\/v2\/comments?post=9296"}],"version-history":[{"count":3,"href":"https:\/\/fashion.armond.com\/de\/wp-json\/wp\/v2\/pages\/9296\/revisions"}],"predecessor-version":[{"id":9322,"href":"https:\/\/fashion.armond.com\/de\/wp-json\/wp\/v2\/pages\/9296\/revisions\/9322"}],"wp:attachment":[{"href":"https:\/\/fashion.armond.com\/de\/wp-json\/wp\/v2\/media?parent=9296"}],"curies":[{"name":"wp","href":"https:\/\/api.w.org\/{rel}","templated":true}]}}