{"id":9271,"date":"2023-04-13T17:11:15","date_gmt":"2023-04-13T17:11:15","guid":{"rendered":"https:\/\/fashion.armond.com\/packaging-2\/"},"modified":"2026-01-07T09:14:15","modified_gmt":"2026-01-07T09:14:15","slug":"verpackung","status":"publish","type":"page","link":"https:\/\/fashion.armond.com\/de\/verpackung\/","title":{"rendered":"Verpackung"},"content":{"rendered":"\t\t<div data-elementor-type=\"wp-page\" data-elementor-id=\"9271\" class=\"elementor elementor-9271 elementor-1550\" data-elementor-post-type=\"page\">\n\t\t\t\t<div class=\"e-con-top elementor-element elementor-element-557771d rey-section-stretched e-flex e-con-boxed e-con e-parent\" data-id=\"557771d\" data-element_type=\"container\" data-settings=\"{&quot;background_background&quot;:&quot;classic&quot;}\">\n\t\t\t\t\t<div class=\"e-con-inner\">\n\t\t\t\t\t<\/div>\n\t\t\t\t<\/div>\n\t\t<div class=\"e-con-top elementor-element elementor-element-5faae8a e-con-full e-flex e-con e-parent\" data-id=\"5faae8a\" data-element_type=\"container\">\n\t\t<div class=\"elementor-element elementor-element-f251f86 e-con-full e-flex e-con e-child\" data-id=\"f251f86\" data-element_type=\"container\">\n\t\t\t\t<div class=\"elementor-element elementor-element-412f803 elementor-widget elementor-widget-heading\" data-id=\"412f803\" data-element_type=\"widget\" data-widget_type=\"heading.default\">\n\t\t\t\t<div class=\"elementor-widget-container\">\n\t\t\t\t\t<h1 class=\"elementor-heading-title elementor-size-default\">Nachhaltige Verpackung<\/h1>\t\t\t\t<\/div>\n\t\t\t\t<\/div>\n\t\t\t\t<div class=\"elementor-element elementor-element-1b1c53d elementor-widget elementor-widget-text-editor\" data-id=\"1b1c53d\" data-element_type=\"widget\" data-widget_type=\"text-editor.default\">\n\t\t\t\t<div class=\"elementor-widget-container\">\n\t\t\t\t\t\t\t\t\t<p>Wir sind stolz auf unsere neue Green Vision und k\u00f6nnen Ihnen ab sofort zwei Produkte als Erg\u00e4nzung zu unseren Schuhen anbieten. Endlich haben wir einen Weg gefunden, Ihnen eine wirklich n\u00fctzliche Verpackung anzubieten. <br><span style=\"font-style: inherit; font-weight: inherit; color: var( --e-global-color-astglobalcolor0 ); text-align: var(--text-align); background-color: var(--ast-global-color-5);\">100 % umweltfreundlicher Rucksack\/Einkaufstasche, Ergebnis einer bewussten und \u00f6kologisch nachhaltigen Wiederverwertung.<\/span><\/p>\t\t\t\t\t\t\t\t<\/div>\n\t\t\t\t<\/div>\n\t\t\t\t<\/div>\n\t\t<div class=\"elementor-element elementor-element-da87af0 e-con-full e-flex e-con e-child\" data-id=\"da87af0\" data-element_type=\"container\">\n\t\t\t\t<div class=\"elementor-element elementor-element-b526df5 elementor-widget elementor-widget-image\" data-id=\"b526df5\" data-element_type=\"widget\" data-widget_type=\"image.default\">\n\t\t\t\t<div class=\"elementor-widget-container\">\n\t\t\t\t\t\t\t\t\t\t\t\t\t\t\t<img fetchpriority=\"high\" decoding=\"async\" width=\"1200\" height=\"870\" src=\"https:\/\/fashion.armond.com\/wp-content\/uploads\/2023\/04\/pack-scarponi.jpg\" class=\"attachment-full size-full wp-image-9280\" alt=\"\" srcset=\"https:\/\/fashion.armond.com\/wp-content\/uploads\/2023\/04\/pack-scarponi.jpg 1200w, https:\/\/fashion.armond.com\/wp-content\/uploads\/2023\/04\/pack-scarponi-800x580.jpg 800w, https:\/\/fashion.armond.com\/wp-content\/uploads\/2023\/04\/pack-scarponi-300x218.jpg 300w, https:\/\/fashion.armond.com\/wp-content\/uploads\/2023\/04\/pack-scarponi-1024x742.jpg 1024w, https:\/\/fashion.armond.com\/wp-content\/uploads\/2023\/04\/pack-scarponi-768x557.jpg 768w\" sizes=\"(max-width: 1200px) 100vw, 1200px\" \/>\t\t\t\t\t\t\t\t\t\t\t\t\t\t\t<\/div>\n\t\t\t\t<\/div>\n\t\t\t\t<\/div>\n\t\t\t\t<\/div>\n\t\t<div class=\"e-con-top elementor-element elementor-element-3212d76 e-con-full e-flex e-con e-parent\" data-id=\"3212d76\" data-element_type=\"container\">\n\t\t<div class=\"elementor-element elementor-element-ffde9ab e-con-full e-flex e-con e-child\" data-id=\"ffde9ab\" data-element_type=\"container\">\n\t\t\t\t<div class=\"elementor-element elementor-element-ae77395 elementor-widget elementor-widget-image\" data-id=\"ae77395\" data-element_type=\"widget\" data-widget_type=\"image.default\">\n\t\t\t\t<div class=\"elementor-widget-container\">\n\t\t\t\t\t\t\t\t\t\t\t\t\t\t\t<img decoding=\"async\" width=\"1200\" height=\"955\" src=\"https:\/\/fashion.armond.com\/wp-content\/uploads\/2023\/04\/pack-sneakers.jpg\" class=\"attachment-full size-full wp-image-9279\" alt=\"\" srcset=\"https:\/\/fashion.armond.com\/wp-content\/uploads\/2023\/04\/pack-sneakers.jpg 1200w, https:\/\/fashion.armond.com\/wp-content\/uploads\/2023\/04\/pack-sneakers-800x637.jpg 800w, https:\/\/fashion.armond.com\/wp-content\/uploads\/2023\/04\/pack-sneakers-300x239.jpg 300w, https:\/\/fashion.armond.com\/wp-content\/uploads\/2023\/04\/pack-sneakers-1024x815.jpg 1024w, https:\/\/fashion.armond.com\/wp-content\/uploads\/2023\/04\/pack-sneakers-768x611.jpg 768w\" sizes=\"(max-width: 1200px) 100vw, 1200px\" \/>\t\t\t\t\t\t\t\t\t\t\t\t\t\t\t<\/div>\n\t\t\t\t<\/div>\n\t\t\t\t<\/div>\n\t\t<div class=\"elementor-element elementor-element-3b1fecf e-con-full e-flex e-con e-child\" data-id=\"3b1fecf\" data-element_type=\"container\">\n\t\t\t\t<div class=\"elementor-element elementor-element-ddc6a71 elementor-widget elementor-widget-text-editor\" data-id=\"ddc6a71\" data-element_type=\"widget\" data-widget_type=\"text-editor.default\">\n\t\t\t\t<div class=\"elementor-widget-container\">\n\t\t\t\t\t\t\t\t\t<p><span style=\"white-space: pre-wrap;\">Geeignet f\u00fcr das Fitnessstudio, die Arbeit, kleine Ausfl\u00fcge und die au\u00dferschulischen Aktivit\u00e4ten Ihrer Kinder. Damit zeigen wir Ihnen einmal mehr, wie wir zu einer \u00f6kologisch nachhaltigen Entwicklung beitragen, die Umweltbelastung minimieren und die Natur respektieren.<\/span><\/p>\t\t\t\t\t\t\t\t<\/div>\n\t\t\t\t<\/div>\n\t\t\t\t<div class=\"elementor-element elementor-element-fdcf8b3 elementor-widget elementor-widget-text-editor\" data-id=\"fdcf8b3\" data-element_type=\"widget\" data-widget_type=\"text-editor.default\">\n\t\t\t\t<div class=\"elementor-widget-container\">\n\t\t\t\t\t\t\t\t\t<p>Die Schuhe und ihre Verpackung werden dann in eine Holzverpackung mit elegantem und schlichtem Design gelegt, die aufgrund ihrer F\u00e4higkeit, eine Verbindung zwischen Natur und Handwerkskunst herzustellen, ausgew\u00e4hlt wurde.<\/p>\t\t\t\t\t\t\t\t<\/div>\n\t\t\t\t<\/div>\n\t\t\t\t<div class=\"elementor-element elementor-element-cffeb1d elementor-widget elementor-widget-text-editor\" data-id=\"cffeb1d\" data-element_type=\"widget\" data-widget_type=\"text-editor.default\">\n\t\t\t\t<div class=\"elementor-widget-container\">\n\t\t\t\t\t\t\t\t\t<p><span style=\"white-space: pre-wrap;\">Auch dieses Produkt wird in jedem Ihrer H\u00e4user Platz finden und wiederverwendet werden, denn Armond h\u00e4lt nicht mit der Zeit Schritt, sondern ist ihr voraus.<\/span><\/p>\t\t\t\t\t\t\t\t<\/div>\n\t\t\t\t<\/div>\n\t\t\t\t<\/div>\n\t\t\t\t<\/div>\n\t\t<div class=\"e-con-top elementor-element elementor-element-5b67508 e-con-full e-flex e-con e-parent\" data-id=\"5b67508\" data-element_type=\"container\" data-settings=\"{&quot;background_background&quot;:&quot;classic&quot;}\">\n\t\t\t\t<div class=\"elementor-element elementor-element-042cbac elementor-widget elementor-widget-image\" data-id=\"042cbac\" data-element_type=\"widget\" data-widget_type=\"image.default\">\n\t\t\t\t<div class=\"elementor-widget-container\">\n\t\t\t\t\t\t\t\t\t\t\t\t\t\t\t<img decoding=\"async\" width=\"2095\" height=\"905\" src=\"https:\/\/fashion.armond.com\/wp-content\/uploads\/2023\/04\/pack-sneakers-frontali.jpg\" class=\"attachment-full size-full wp-image-9281\" alt=\"\" srcset=\"https:\/\/fashion.armond.com\/wp-content\/uploads\/2023\/04\/pack-sneakers-frontali.jpg 2095w, https:\/\/fashion.armond.com\/wp-content\/uploads\/2023\/04\/pack-sneakers-frontali-800x346.jpg 800w, https:\/\/fashion.armond.com\/wp-content\/uploads\/2023\/04\/pack-sneakers-frontali-300x130.jpg 300w, https:\/\/fashion.armond.com\/wp-content\/uploads\/2023\/04\/pack-sneakers-frontali-1024x442.jpg 1024w, https:\/\/fashion.armond.com\/wp-content\/uploads\/2023\/04\/pack-sneakers-frontali-768x332.jpg 768w, https:\/\/fashion.armond.com\/wp-content\/uploads\/2023\/04\/pack-sneakers-frontali-1536x664.jpg 1536w, https:\/\/fashion.armond.com\/wp-content\/uploads\/2023\/04\/pack-sneakers-frontali-2048x885.jpg 2048w\" sizes=\"(max-width: 2095px) 100vw, 2095px\" \/>\t\t\t\t\t\t\t\t\t\t\t\t\t\t\t<\/div>\n\t\t\t\t<\/div>\n\t\t\t\t<\/div>\n\t\t\t\t<\/div>\n\t\t","protected":false},"excerpt":{"rendered":"<p>Nachhaltige Verpackung Wir sind stolz auf unsere neue Green Vision und k\u00f6nnen Ihnen ab sofort zwei Produkte als Erg\u00e4nzung zu unseren Schuhen anbieten. Endlich haben wir einen Weg gefunden, Ihnen eine wirklich n\u00fctzliche Verpackung anzubieten. 100 % umweltfreundlicher Rucksack\/Einkaufstasche, Ergebnis einer bewussten und \u00f6kologisch nachhaltigen Wiederverwertung. Geeignet f\u00fcr das Fitnessstudio, die Arbeit, kleine Ausfl\u00fcge und [&hellip;]<\/p>\n","protected":false},"author":1,"featured_media":0,"parent":0,"menu_order":0,"comment_status":"closed","ping_status":"closed","template":"","meta":{"_acf_changed":false,"footnotes":""},"class_list":["post-9271","page","type-page","status-publish","hentry"],"acf":[],"_links":{"self":[{"href":"https:\/\/fashion.armond.com\/de\/wp-json\/wp\/v2\/pages\/9271","targetHints":{"allow":["GET"]}}],"collection":[{"href":"https:\/\/fashion.armond.com\/de\/wp-json\/wp\/v2\/pages"}],"about":[{"href":"https:\/\/fashion.armond.com\/de\/wp-json\/wp\/v2\/types\/page"}],"author":[{"embeddable":true,"href":"https:\/\/fashion.armond.com\/de\/wp-json\/wp\/v2\/users\/1"}],"replies":[{"embeddable":true,"href":"https:\/\/fashion.armond.com\/de\/wp-json\/wp\/v2\/comments?post=9271"}],"version-history":[{"count":2,"href":"https:\/\/fashion.armond.com\/de\/wp-json\/wp\/v2\/pages\/9271\/revisions"}],"predecessor-version":[{"id":9804,"href":"https:\/\/fashion.armond.com\/de\/wp-json\/wp\/v2\/pages\/9271\/revisions\/9804"}],"wp:attachment":[{"href":"https:\/\/fashion.armond.com\/de\/wp-json\/wp\/v2\/media?parent=9271"}],"curies":[{"name":"wp","href":"https:\/\/api.w.org\/{rel}","templated":true}]}}